{"id":501,"date":"2020-02-01T06:41:53","date_gmt":"2020-02-01T05:41:53","guid":{"rendered":"https:\/\/zi62oqcvjf.wpdns.site\/?page_id=501"},"modified":"2023-11-24T16:40:55","modified_gmt":"2023-11-24T15:40:55","slug":"research-development","status":"publish","type":"page","link":"https:\/\/www.rohrer-tools.com\/en\/research-development\/","title":{"rendered":"Research &amp; Development"},"content":{"rendered":"<section class=\"bde-section-501-100 bde-section\">\n  \n  \n\t\n\n\n\n<div class=\"section-container\"><div class=\"bde-div-501-101 bde-div\">\n  \n  \n\t\n\n\n\n<h1 class=\"bde-heading-501-102 bde-heading\">\nResearch &amp; Development\n<\/h1>\n<\/div><\/div>\n<\/section><section class=\"bde-section-501-103 bde-section\">\n  \n  \n\t\n\n\n\n<div class=\"section-container\"><div class=\"bde-rich-text-501-104 bde-rich-text breakdance-rich-text-styles\">\n<p>The ongoing enhancement of tried-and-tested technologies and conception of completely new tool solutions is the primary focus of Rohrer Tools AG. This allows us to devise future-proof, market-oriented solutions to enable processing of ever more complex film materials.<\/p><p class=\"translation-block\">We apply our exacting standards to all new products, subjecting them to in-depth testing and critical examination in terms of their feasibility. This not only minimises the technological risk for all parties involved but also offers considerable added value. For this purpose, we can call upon our comprehensive laboratory infrastructure:<\/p>\n<\/div><div class=\"bde-icon-list-501-121 bde-icon-list\">\n<ul>\n  \n              \n    <li>\n              <div class='bde-icon-list__item-wrapper'>\n      \n      <span class='bde-icon-list__icon'>\n        <svg xmlns=\"http:\/\/www.w3.org\/2000\/svg\" viewbox=\"0 0 320 512\"><!-- Font Awesome Free 5.15.1 by @fontawesome - https:\/\/fontawesome.com License - https:\/\/fontawesome.com\/license\/free (Icons: CC BY 4.0, Fonts: SIL OFL 1.1, Code: MIT License) --><path d=\"M285.476 272.971L91.132 467.314c-9.373 9.373-24.569 9.373-33.941 0l-22.667-22.667c-9.357-9.357-9.375-24.522-.04-33.901L188.505 256 34.484 101.255c-9.335-9.379-9.317-24.544.04-33.901l22.667-22.667c9.373-9.373 24.569-9.373 33.941 0L285.475 239.03c9.373 9.372 9.373 24.568.001 33.941z\"\/><\/svg>\n      <\/span>\n      <span class='bde-icon-list__text' >\n      Test rig for measuring punching force\n      <\/span>\n              <\/div>\n      \n    <\/li>\n\n  \n              \n    <li>\n              <div class='bde-icon-list__item-wrapper'>\n      \n      <span class='bde-icon-list__icon'>\n        <svg xmlns=\"http:\/\/www.w3.org\/2000\/svg\" viewbox=\"0 0 320 512\"><!-- Font Awesome Free 5.15.1 by @fontawesome - https:\/\/fontawesome.com License - https:\/\/fontawesome.com\/license\/free (Icons: CC BY 4.0, Fonts: SIL OFL 1.1, Code: MIT License) --><path d=\"M285.476 272.971L91.132 467.314c-9.373 9.373-24.569 9.373-33.941 0l-22.667-22.667c-9.357-9.357-9.375-24.522-.04-33.901L188.505 256 34.484 101.255c-9.335-9.379-9.317-24.544.04-33.901l22.667-22.667c9.373-9.373 24.569-9.373 33.941 0L285.475 239.03c9.373 9.372 9.373 24.568.001 33.941z\"\/><\/svg>\n      <\/span>\n      <span class='bde-icon-list__text' >\n      Test tools for different geometries and materials\n      <\/span>\n              <\/div>\n      \n    <\/li>\n\n  \n              \n    <li>\n              <div class='bde-icon-list__item-wrapper'>\n      \n      <span class='bde-icon-list__icon'>\n        <svg xmlns=\"http:\/\/www.w3.org\/2000\/svg\" viewbox=\"0 0 320 512\"><!-- Font Awesome Free 5.15.1 by @fontawesome - https:\/\/fontawesome.com License - https:\/\/fontawesome.com\/license\/free (Icons: CC BY 4.0, Fonts: SIL OFL 1.1, Code: MIT License) --><path d=\"M285.476 272.971L91.132 467.314c-9.373 9.373-24.569 9.373-33.941 0l-22.667-22.667c-9.357-9.357-9.375-24.522-.04-33.901L188.505 256 34.484 101.255c-9.335-9.379-9.317-24.544.04-33.901l22.667-22.667c9.373-9.373 24.569-9.373 33.941 0L285.475 239.03c9.373 9.372 9.373 24.568.001 33.941z\"\/><\/svg>\n      <\/span>\n      <span class='bde-icon-list__text' >\n      Test tools for notching and multi-cut systems\n      <\/span>\n              <\/div>\n      \n    <\/li>\n\n  \n              \n    <li>\n              <div class='bde-icon-list__item-wrapper'>\n      \n      <span class='bde-icon-list__icon'>\n        <svg xmlns=\"http:\/\/www.w3.org\/2000\/svg\" viewbox=\"0 0 320 512\"><!-- Font Awesome Free 5.15.1 by @fontawesome - https:\/\/fontawesome.com License - https:\/\/fontawesome.com\/license\/free (Icons: CC BY 4.0, Fonts: SIL OFL 1.1, Code: MIT License) --><path d=\"M285.476 272.971L91.132 467.314c-9.373 9.373-24.569 9.373-33.941 0l-22.667-22.667c-9.357-9.357-9.375-24.522-.04-33.901L188.505 256 34.484 101.255c-9.335-9.379-9.317-24.544.04-33.901l22.667-22.667c9.373-9.373 24.569-9.373 33.941 0L285.475 239.03c9.373 9.372 9.373 24.568.001 33.941z\"\/><\/svg>\n      <\/span>\n      <span class='bde-icon-list__text' >\n      Test tools for switchable shearing systems\n      <\/span>\n              <\/div>\n      \n    <\/li>\n\n  \n              \n    <li>\n              <div class='bde-icon-list__item-wrapper'>\n      \n      <span class='bde-icon-list__icon'>\n        <svg xmlns=\"http:\/\/www.w3.org\/2000\/svg\" viewbox=\"0 0 320 512\"><!-- Font Awesome Free 5.15.1 by @fontawesome - https:\/\/fontawesome.com License - https:\/\/fontawesome.com\/license\/free (Icons: CC BY 4.0, Fonts: SIL OFL 1.1, Code: MIT License) --><path d=\"M285.476 272.971L91.132 467.314c-9.373 9.373-24.569 9.373-33.941 0l-22.667-22.667c-9.357-9.357-9.375-24.522-.04-33.901L188.505 256 34.484 101.255c-9.335-9.379-9.317-24.544.04-33.901l22.667-22.667c9.373-9.373 24.569-9.373 33.941 0L285.475 239.03c9.373 9.372 9.373 24.568.001 33.941z\"\/><\/svg>\n      <\/span>\n      <span class='bde-icon-list__text' >\n      High-precision test machines for cold forming and thermoforming as well as heat and ultrasonic sealing\n      <\/span>\n              <\/div>\n      \n    <\/li>\n\n  <\/ul>\n\n<\/div><div class=\"bde-rich-text-501-122 bde-rich-text breakdance-rich-text-styles\">\n<p>We also maintain a close-knit, ever-growing network comprising the best technology partners in the following areas:<\/p>\n<\/div><div class=\"bde-icon-list-501-123 bde-icon-list\">\n<ul>\n  \n              \n    <li>\n              <div class='bde-icon-list__item-wrapper'>\n      \n      <span class='bde-icon-list__icon'>\n        <svg xmlns=\"http:\/\/www.w3.org\/2000\/svg\" viewbox=\"0 0 320 512\"><!-- Font Awesome Free 5.15.1 by @fontawesome - https:\/\/fontawesome.com License - https:\/\/fontawesome.com\/license\/free (Icons: CC BY 4.0, Fonts: SIL OFL 1.1, Code: MIT License) --><path d=\"M285.476 272.971L91.132 467.314c-9.373 9.373-24.569 9.373-33.941 0l-22.667-22.667c-9.357-9.357-9.375-24.522-.04-33.901L188.505 256 34.484 101.255c-9.335-9.379-9.317-24.544.04-33.901l22.667-22.667c9.373-9.373 24.569-9.373 33.941 0L285.475 239.03c9.373 9.372 9.373 24.568.001 33.941z\"\/><\/svg>\n      <\/span>\n      <span class='bde-icon-list__text' >\n      \tProcessing of tool steels (incl. coatings)\n      <\/span>\n              <\/div>\n      \n    <\/li>\n\n  \n              \n    <li>\n              <div class='bde-icon-list__item-wrapper'>\n      \n      <span class='bde-icon-list__icon'>\n        <svg xmlns=\"http:\/\/www.w3.org\/2000\/svg\" viewbox=\"0 0 320 512\"><!-- Font Awesome Free 5.15.1 by @fontawesome - https:\/\/fontawesome.com License - https:\/\/fontawesome.com\/license\/free (Icons: CC BY 4.0, Fonts: SIL OFL 1.1, Code: MIT License) --><path d=\"M285.476 272.971L91.132 467.314c-9.373 9.373-24.569 9.373-33.941 0l-22.667-22.667c-9.357-9.357-9.375-24.522-.04-33.901L188.505 256 34.484 101.255c-9.335-9.379-9.317-24.544.04-33.901l22.667-22.667c9.373-9.373 24.569-9.373 33.941 0L285.475 239.03c9.373 9.372 9.373 24.568.001 33.941z\"\/><\/svg>\n      <\/span>\n      <span class='bde-icon-list__text' >\n      Hard metals\n      <\/span>\n              <\/div>\n      \n    <\/li>\n\n  \n              \n    <li>\n              <div class='bde-icon-list__item-wrapper'>\n      \n      <span class='bde-icon-list__icon'>\n        <svg xmlns=\"http:\/\/www.w3.org\/2000\/svg\" viewbox=\"0 0 320 512\"><!-- Font Awesome Free 5.15.1 by @fontawesome - https:\/\/fontawesome.com License - https:\/\/fontawesome.com\/license\/free (Icons: CC BY 4.0, Fonts: SIL OFL 1.1, Code: MIT License) --><path d=\"M285.476 272.971L91.132 467.314c-9.373 9.373-24.569 9.373-33.941 0l-22.667-22.667c-9.357-9.357-9.375-24.522-.04-33.901L188.505 256 34.484 101.255c-9.335-9.379-9.317-24.544.04-33.901l22.667-22.667c9.373-9.373 24.569-9.373 33.941 0L285.475 239.03c9.373 9.372 9.373 24.568.001 33.941z\"\/><\/svg>\n      <\/span>\n      <span class='bde-icon-list__text' >\n      \tSealing technologies, e.g. US or using ceramic systems\n      <\/span>\n              <\/div>\n      \n    <\/li>\n\n  <\/ul>\n\n<\/div><div class=\"bde-rich-text-501-124 bde-rich-text breakdance-rich-text-styles\">\n<p>We are thus also the perfect contact for film producers looking to employ new film materials in modern applications.<\/p>\n<\/div><\/div>\n<\/section>","protected":false},"excerpt":{"rendered":"<p>Research &#038; Development Die kontinuierliche Weiterentwicklung bew\u00e4hrter Technologien sowie die komplette Neukonzeption von Werkzeug-L\u00f6sungen ist die Hauptzielsetzung der Rohrer Tools AG. Nur so lassen sich auch zuk\u00fcnftig ad\u00e4quate und marktgerechte L\u00f6sungen f\u00fcr die Verarbeitung immer komplexerer Folien-Materialien realisieren.Diesem Anspruch stellen wir uns bei jedem neuen Projekt, welches wir auf seine Machbarkeit kritisch mittels eingehender Tests [&hellip;]<\/p>\n","protected":false},"author":1,"featured_media":0,"parent":0,"menu_order":0,"comment_status":"closed","ping_status":"closed","template":"","meta":{"_seopress_robots_primary_cat":"","_seopress_titles_title":"Research &amp; Development - Rohrer Tools AG","_seopress_titles_desc":"Die kontinuierliche Weiterentwicklung bew\u00e4hrter Technologien sowie die komplette Neukonzeption von Werkzeug-L\u00f6sungen ist die Hauptzielsetzung der Rohrer Tools AG.","_seopress_robots_index":"","iawp_total_views":317,"_breakdance_hide_in_design_set":false,"_breakdance_tags":"","footnotes":""},"class_list":["post-501","page","type-page","status-publish","hentry"],"_links":{"self":[{"href":"https:\/\/www.rohrer-tools.com\/en\/wp-json\/wp\/v2\/pages\/501","targetHints":{"allow":["GET"]}}],"collection":[{"href":"https:\/\/www.rohrer-tools.com\/en\/wp-json\/wp\/v2\/pages"}],"about":[{"href":"https:\/\/www.rohrer-tools.com\/en\/wp-json\/wp\/v2\/types\/page"}],"author":[{"embeddable":true,"href":"https:\/\/www.rohrer-tools.com\/en\/wp-json\/wp\/v2\/users\/1"}],"replies":[{"embeddable":true,"href":"https:\/\/www.rohrer-tools.com\/en\/wp-json\/wp\/v2\/comments?post=501"}],"version-history":[{"count":14,"href":"https:\/\/www.rohrer-tools.com\/en\/wp-json\/wp\/v2\/pages\/501\/revisions"}],"predecessor-version":[{"id":1522,"href":"https:\/\/www.rohrer-tools.com\/en\/wp-json\/wp\/v2\/pages\/501\/revisions\/1522"}],"wp:attachment":[{"href":"https:\/\/www.rohrer-tools.com\/en\/wp-json\/wp\/v2\/media?parent=501"}],"curies":[{"name":"wp","href":"https:\/\/api.w.org\/{rel}","templated":true}]}}