{"id":433,"date":"2020-01-22T15:35:46","date_gmt":"2020-01-22T14:35:46","guid":{"rendered":"https:\/\/zi62oqcvjf.wpdns.site\/?page_id=433"},"modified":"2023-05-19T15:46:55","modified_gmt":"2023-05-19T13:46:55","slug":"service-support","status":"publish","type":"page","link":"https:\/\/www.rohrer-tools.com\/en\/service-support\/","title":{"rendered":"Service &amp; Support"},"content":{"rendered":"<section class=\"bde-section-433-115 bde-section\">\n  \n  \n\t\n\n\n\n<div class=\"section-container\"><div class=\"bde-div-433-117 bde-div\">\n  \n  \n\t\n\n\n\n<h1 class=\"bde-heading-433-116 bde-heading\">\nService &amp; Support\n<\/h1>\n<\/div><\/div>\n<\/section><section class=\"bde-section-433-102 bde-section\">\n  \n  \n\t\n\n\n\n<div class=\"section-container\"><div class=\"bde-rich-text-433-103 bde-rich-text breakdance-rich-text-styles\">\n<p>Tool systems from Rohrer Tools are characterized by robustness, durable components and ease of maintenance: this means long running times with moderate and predictable operating costs. Repairs, service work and revisions - also for tools from other manufacturers - are carried out quickly and professionally by our experts - if necessary also on site.<\/p>\n<\/div><h2 class=\"bde-heading-433-104 bde-heading\">\nOur life cycle management ensures peak performance for your tools\n<\/h2><div class=\"bde-columns-433-105 bde-columns\"><div class=\"bde-column-433-106 bde-column\">\n  \n  \n\t\n\n\n\n<a class=\"bde-container-link-433-123 bde-container-link breakdance-link\" href=\"#e\" target=\"_self\" data-type=\"url\">\n  \n  \n\t\n\n\n\n<div class=\"bde-icon-box-433-109 bde-icon-box\">\n\n    \n            <div class=\"ee-iconbox-icon breakdance-icon-atom\" >\n    \n                    <svg xmlns=\"http:\/\/www.w3.org\/2000\/svg\" viewbox=\"0 0 576 512\"><!-- Font Awesome Free 5.15.1 by @fontawesome - https:\/\/fontawesome.com License - https:\/\/fontawesome.com\/license\/free (Icons: CC BY 4.0, Fonts: SIL OFL 1.1, Code: MIT License) --><path d=\"M288 32C128.94 32 0 160.94 0 320c0 52.8 14.25 102.26 39.06 144.8 5.61 9.62 16.3 15.2 27.44 15.2h443c11.14 0 21.83-5.58 27.44-15.2C561.75 422.26 576 372.8 576 320c0-159.06-128.94-288-288-288zm0 64c14.71 0 26.58 10.13 30.32 23.65-1.11 2.26-2.64 4.23-3.45 6.67l-9.22 27.67c-5.13 3.49-10.97 6.01-17.64 6.01-17.67 0-32-14.33-32-32S270.33 96 288 96zM96 384c-17.67 0-32-14.33-32-32s14.33-32 32-32 32 14.33 32 32-14.33 32-32 32zm48-160c-17.67 0-32-14.33-32-32s14.33-32 32-32 32 14.33 32 32-14.33 32-32 32zm246.77-72.41l-61.33 184C343.13 347.33 352 364.54 352 384c0 11.72-3.38 22.55-8.88 32H232.88c-5.5-9.45-8.88-20.28-8.88-32 0-33.94 26.5-61.43 59.9-63.59l61.34-184.01c4.17-12.56 17.73-19.45 30.36-15.17 12.57 4.19 19.35 17.79 15.17 30.36zm14.66 57.2l15.52-46.55c3.47-1.29 7.13-2.23 11.05-2.23 17.67 0 32 14.33 32 32s-14.33 32-32 32c-11.38-.01-20.89-6.28-26.57-15.22zM480 384c-17.67 0-32-14.33-32-32s14.33-32 32-32 32 14.33 32 32-14.33 32-32 32z\"\/><\/svg>\n        \n        \n        \n            <\/div>\n    \n\n<div class=\"ee-iconbox-content\">\n      <h3 class=\"ee-iconbox-title bde-h3\" >EVALUATION<\/h3>\n        <div class=\"ee-iconbox-text\" >Project-specific design of process-relevant parts through preliminary tests and simulations<\/div>\n    <\/div>\n\n<\/div>\n\n<\/a>\n<\/div><div class=\"bde-column-433-107 bde-column\">\n  \n  \n\t\n\n\n\n<a class=\"bde-container-link-433-121 bde-container-link breakdance-link\" href=\"#c\" target=\"_self\" data-type=\"url\">\n  \n  \n\t\n\n\n\n<div class=\"bde-icon-box-433-118 bde-icon-box\">\n\n    \n            <div class=\"ee-iconbox-icon breakdance-icon-atom\" >\n    \n                    <svg xmlns=\"http:\/\/www.w3.org\/2000\/svg\" viewbox=\"0 0 512 512\"><!-- Font Awesome Free 5.15.1 by @fontawesome - https:\/\/fontawesome.com License - https:\/\/fontawesome.com\/license\/free (Icons: CC BY 4.0, Fonts: SIL OFL 1.1, Code: MIT License) --><path d=\"M501.1 395.7L384 278.6c-23.1-23.1-57.6-27.6-85.4-13.9L192 158.1V96L64 0 0 64l96 128h62.1l106.6 106.6c-13.6 27.8-9.2 62.3 13.9 85.4l117.1 117.1c14.6 14.6 38.2 14.6 52.7 0l52.7-52.7c14.5-14.6 14.5-38.2 0-52.7zM331.7 225c28.3 0 54.9 11 74.9 31l19.4 19.4c15.8-6.9 30.8-16.5 43.8-29.5 37.1-37.1 49.7-89.3 37.9-136.7-2.2-9-13.5-12.1-20.1-5.5l-74.4 74.4-67.9-11.3L334 98.9l74.4-74.4c6.6-6.6 3.4-17.9-5.7-20.2-47.4-11.7-99.6.9-136.6 37.9-28.5 28.5-41.9 66.1-41.2 103.6l82.1 82.1c8.1-1.9 16.5-2.9 24.7-2.9zm-103.9 82l-56.7-56.7L18.7 402.8c-25 25-25 65.5 0 90.5s65.5 25 90.5 0l123.6-123.6c-7.6-19.9-9.9-41.6-5-62.7zM64 472c-13.2 0-24-10.8-24-24 0-13.3 10.7-24 24-24s24 10.7 24 24c0 13.2-10.7 24-24 24z\"\/><\/svg>\n        \n        \n        \n            <\/div>\n    \n\n<div class=\"ee-iconbox-content\">\n      <h3 class=\"ee-iconbox-title bde-h3\" >COMMISSIONING<\/h3>\n        <div class=\"ee-iconbox-text\" >professional support during commissioning and adaptation to machine environment<\/div>\n    <\/div>\n\n<\/div>\n\n<\/a>\n<\/div><div class=\"bde-column-433-108 bde-column\">\n  \n  \n\t\n\n\n\n<a class=\"bde-container-link-433-122 bde-container-link breakdance-link\" href=\"#o\" target=\"_self\" data-type=\"url\">\n  \n  \n\t\n\n\n\n<div class=\"bde-icon-box-433-119 bde-icon-box\">\n\n    \n            <div class=\"ee-iconbox-icon breakdance-icon-atom\" >\n    \n                    <svg xmlns=\"http:\/\/www.w3.org\/2000\/svg\" id=\"icon-loop2\" viewbox=\"0 0 32 32\">\n<path d=\"M27.802 5.197c-2.925-3.194-7.13-5.197-11.803-5.197-8.837 0-16 7.163-16 16h3c0-7.18 5.82-13 13-13 3.844 0 7.298 1.669 9.678 4.322l-4.678 4.678h11v-11l-4.198 4.197z\"\/>\n<path d=\"M29 16c0 7.18-5.82 13-13 13-3.844 0-7.298-1.669-9.678-4.322l4.678-4.678h-11v11l4.197-4.197c2.925 3.194 7.13 5.197 11.803 5.197 8.837 0 16-7.163 16-16h-3z\"\/>\n<\/svg>\n        \n        \n        \n            <\/div>\n    \n\n<div class=\"ee-iconbox-content\">\n      <p class=\"ee-iconbox-title bde-h3\" >ONGOING<\/p>\n        <div class=\"ee-iconbox-text\" >Rapid-response maintenance, overhaul and optimisation (where necessary) throughout the entire service life<\/div>\n    <\/div>\n\n<\/div>\n\n<\/a>\n<\/div><\/div><\/div>\n<\/section><section id=\"e\" class=\"bde-section-433-110 bde-section\">\n  \n  \n\t\n\n\n\n<div class=\"section-container\"><div class=\"bde-div-433-146 bde-div\">\n  \n  \n\t\n\n\n\n<div class=\"bde-columns-433-111 bde-columns\"><div class=\"bde-column-433-112 bde-column\">\n  \n  \n\t\n\n\n\n<div class=\"bde-icon-433-120 bde-icon\">\n\n    \n            <div class=\"bde-icon-icon breakdance-icon-atom\" >\n    \n                    <svg xmlns=\"http:\/\/www.w3.org\/2000\/svg\" viewbox=\"0 0 576 512\"><!-- Font Awesome Free 5.15.1 by @fontawesome - https:\/\/fontawesome.com License - https:\/\/fontawesome.com\/license\/free (Icons: CC BY 4.0, Fonts: SIL OFL 1.1, Code: MIT License) --><path d=\"M288 32C128.94 32 0 160.94 0 320c0 52.8 14.25 102.26 39.06 144.8 5.61 9.62 16.3 15.2 27.44 15.2h443c11.14 0 21.83-5.58 27.44-15.2C561.75 422.26 576 372.8 576 320c0-159.06-128.94-288-288-288zm0 64c14.71 0 26.58 10.13 30.32 23.65-1.11 2.26-2.64 4.23-3.45 6.67l-9.22 27.67c-5.13 3.49-10.97 6.01-17.64 6.01-17.67 0-32-14.33-32-32S270.33 96 288 96zM96 384c-17.67 0-32-14.33-32-32s14.33-32 32-32 32 14.33 32 32-14.33 32-32 32zm48-160c-17.67 0-32-14.33-32-32s14.33-32 32-32 32 14.33 32 32-14.33 32-32 32zm246.77-72.41l-61.33 184C343.13 347.33 352 364.54 352 384c0 11.72-3.38 22.55-8.88 32H232.88c-5.5-9.45-8.88-20.28-8.88-32 0-33.94 26.5-61.43 59.9-63.59l61.34-184.01c4.17-12.56 17.73-19.45 30.36-15.17 12.57 4.19 19.35 17.79 15.17 30.36zm14.66 57.2l15.52-46.55c3.47-1.29 7.13-2.23 11.05-2.23 17.67 0 32 14.33 32 32s-14.33 32-32 32c-11.38-.01-20.89-6.28-26.57-15.22zM480 384c-17.67 0-32-14.33-32-32s14.33-32 32-32 32 14.33 32 32-14.33 32-32 32z\"\/><\/svg>\n        \n        \n        \n            <\/div>\n    \n\n\n<\/div>\n<\/div><div class=\"bde-column-433-113 bde-column\">\n  \n  \n\t\n\n\n\n<div class=\"bde-icon-list-433-114 bde-icon-list\">\n<ul>\n  \n              \n    <li>\n              <div class='bde-icon-list__item-wrapper'>\n      \n      <span class='bde-icon-list__icon'>\n        <svg xmlns=\"http:\/\/www.w3.org\/2000\/svg\" viewbox=\"0 0 320 512\"><!-- Font Awesome Free 5.15.1 by @fontawesome - https:\/\/fontawesome.com License - https:\/\/fontawesome.com\/license\/free (Icons: CC BY 4.0, Fonts: SIL OFL 1.1, Code: MIT License) --><path d=\"M285.476 272.971L91.132 467.314c-9.373 9.373-24.569 9.373-33.941 0l-22.667-22.667c-9.357-9.357-9.375-24.522-.04-33.901L188.505 256 34.484 101.255c-9.335-9.379-9.317-24.544.04-33.901l22.667-22.667c9.373-9.373 24.569-9.373 33.941 0L285.475 239.03c9.373 9.372 9.373 24.568.001 33.941z\"\/><\/svg>\n      <\/span>\n      <span class='bde-icon-list__text' >\n      Punching\", \"Sealing\", \"Forming\" and \"Force\" laboratory tests\n      <\/span>\n              <\/div>\n      \n    <\/li>\n\n  \n              \n    <li>\n              <div class='bde-icon-list__item-wrapper'>\n      \n      <span class='bde-icon-list__icon'>\n        <svg xmlns=\"http:\/\/www.w3.org\/2000\/svg\" viewbox=\"0 0 320 512\"><!-- Font Awesome Free 5.15.1 by @fontawesome - https:\/\/fontawesome.com License - https:\/\/fontawesome.com\/license\/free (Icons: CC BY 4.0, Fonts: SIL OFL 1.1, Code: MIT License) --><path d=\"M285.476 272.971L91.132 467.314c-9.373 9.373-24.569 9.373-33.941 0l-22.667-22.667c-9.357-9.357-9.375-24.522-.04-33.901L188.505 256 34.484 101.255c-9.335-9.379-9.317-24.544.04-33.901l22.667-22.667c9.373-9.373 24.569-9.373 33.941 0L285.475 239.03c9.373 9.372 9.373 24.568.001 33.941z\"\/><\/svg>\n      <\/span>\n      <span class='bde-icon-list__text' >\n      FEM simulations\n      <\/span>\n              <\/div>\n      \n    <\/li>\n\n  \n              \n    <li>\n              <div class='bde-icon-list__item-wrapper'>\n      \n      <span class='bde-icon-list__icon'>\n        <svg xmlns=\"http:\/\/www.w3.org\/2000\/svg\" viewbox=\"0 0 320 512\"><!-- Font Awesome Free 5.15.1 by @fontawesome - https:\/\/fontawesome.com License - https:\/\/fontawesome.com\/license\/free (Icons: CC BY 4.0, Fonts: SIL OFL 1.1, Code: MIT License) --><path d=\"M285.476 272.971L91.132 467.314c-9.373 9.373-24.569 9.373-33.941 0l-22.667-22.667c-9.357-9.357-9.375-24.522-.04-33.901L188.505 256 34.484 101.255c-9.335-9.379-9.317-24.544.04-33.901l22.667-22.667c9.373-9.373 24.569-9.373 33.941 0L285.475 239.03c9.373 9.372 9.373 24.568.001 33.941z\"\/><\/svg>\n      <\/span>\n      <span class='bde-icon-list__text' >\n      decades of experience in precision toolmaking\n      <\/span>\n              <\/div>\n      \n    <\/li>\n\n  <\/ul>\n\n<\/div>\n<\/div><\/div>\n<\/div><\/div>\n<\/section><section id=\"c\" class=\"bde-section-433-124 bde-section\">\n  \n  \n\t\n\n\n\n<div class=\"section-container\"><div class=\"bde-div-433-147 bde-div\">\n  \n  \n\t\n\n\n\n<div class=\"bde-columns-433-125 bde-columns\"><div class=\"bde-column-433-126 bde-column\">\n  \n  \n\t\n\n\n\n<div class=\"bde-icon-433-127 bde-icon\">\n\n    \n            <div class=\"bde-icon-icon breakdance-icon-atom\" >\n    \n                    <svg xmlns=\"http:\/\/www.w3.org\/2000\/svg\" viewbox=\"0 0 512 512\"><!-- Font Awesome Free 5.15.1 by @fontawesome - https:\/\/fontawesome.com License - https:\/\/fontawesome.com\/license\/free (Icons: CC BY 4.0, Fonts: SIL OFL 1.1, Code: MIT License) --><path d=\"M501.1 395.7L384 278.6c-23.1-23.1-57.6-27.6-85.4-13.9L192 158.1V96L64 0 0 64l96 128h62.1l106.6 106.6c-13.6 27.8-9.2 62.3 13.9 85.4l117.1 117.1c14.6 14.6 38.2 14.6 52.7 0l52.7-52.7c14.5-14.6 14.5-38.2 0-52.7zM331.7 225c28.3 0 54.9 11 74.9 31l19.4 19.4c15.8-6.9 30.8-16.5 43.8-29.5 37.1-37.1 49.7-89.3 37.9-136.7-2.2-9-13.5-12.1-20.1-5.5l-74.4 74.4-67.9-11.3L334 98.9l74.4-74.4c6.6-6.6 3.4-17.9-5.7-20.2-47.4-11.7-99.6.9-136.6 37.9-28.5 28.5-41.9 66.1-41.2 103.6l82.1 82.1c8.1-1.9 16.5-2.9 24.7-2.9zm-103.9 82l-56.7-56.7L18.7 402.8c-25 25-25 65.5 0 90.5s65.5 25 90.5 0l123.6-123.6c-7.6-19.9-9.9-41.6-5-62.7zM64 472c-13.2 0-24-10.8-24-24 0-13.3 10.7-24 24-24s24 10.7 24 24c0 13.2-10.7 24-24 24z\"\/><\/svg>\n        \n        \n        \n            <\/div>\n    \n\n\n<\/div>\n<\/div><div class=\"bde-column-433-128 bde-column\">\n  \n  \n\t\n\n\n\n<div class=\"bde-icon-list-433-129 bde-icon-list\">\n<ul>\n  \n              \n    <li>\n              <div class='bde-icon-list__item-wrapper'>\n      \n      <span class='bde-icon-list__icon'>\n        <svg xmlns=\"http:\/\/www.w3.org\/2000\/svg\" viewbox=\"0 0 320 512\"><!-- Font Awesome Free 5.15.1 by @fontawesome - https:\/\/fontawesome.com License - https:\/\/fontawesome.com\/license\/free (Icons: CC BY 4.0, Fonts: SIL OFL 1.1, Code: MIT License) --><path d=\"M285.476 272.971L91.132 467.314c-9.373 9.373-24.569 9.373-33.941 0l-22.667-22.667c-9.357-9.357-9.375-24.522-.04-33.901L188.505 256 34.484 101.255c-9.335-9.379-9.317-24.544.04-33.901l22.667-22.667c9.373-9.373 24.569-9.373 33.941 0L285.475 239.03c9.373 9.372 9.373 24.568.001 33.941z\"\/><\/svg>\n      <\/span>\n      <span class='bde-icon-list__text' >\n      FAT and SAT incl. documentation\n      <\/span>\n              <\/div>\n      \n    <\/li>\n\n  \n              \n    <li>\n              <div class='bde-icon-list__item-wrapper'>\n      \n      <span class='bde-icon-list__icon'>\n        <svg xmlns=\"http:\/\/www.w3.org\/2000\/svg\" viewbox=\"0 0 320 512\"><!-- Font Awesome Free 5.15.1 by @fontawesome - https:\/\/fontawesome.com License - https:\/\/fontawesome.com\/license\/free (Icons: CC BY 4.0, Fonts: SIL OFL 1.1, Code: MIT License) --><path d=\"M285.476 272.971L91.132 467.314c-9.373 9.373-24.569 9.373-33.941 0l-22.667-22.667c-9.357-9.357-9.375-24.522-.04-33.901L188.505 256 34.484 101.255c-9.335-9.379-9.317-24.544.04-33.901l22.667-22.667c9.373-9.373 24.569-9.373 33.941 0L285.475 239.03c9.373 9.372 9.373 24.568.001 33.941z\"\/><\/svg>\n      <\/span>\n      <span class='bde-icon-list__text' >\n      IBN and training by trained experts\n      <\/span>\n              <\/div>\n      \n    <\/li>\n\n  \n              \n    <li>\n              <div class='bde-icon-list__item-wrapper'>\n      \n      <span class='bde-icon-list__icon'>\n        <svg xmlns=\"http:\/\/www.w3.org\/2000\/svg\" viewbox=\"0 0 320 512\"><!-- Font Awesome Free 5.15.1 by @fontawesome - https:\/\/fontawesome.com License - https:\/\/fontawesome.com\/license\/free (Icons: CC BY 4.0, Fonts: SIL OFL 1.1, Code: MIT License) --><path d=\"M285.476 272.971L91.132 467.314c-9.373 9.373-24.569 9.373-33.941 0l-22.667-22.667c-9.357-9.357-9.375-24.522-.04-33.901L188.505 256 34.484 101.255c-9.335-9.379-9.317-24.544.04-33.901l22.667-22.667c9.373-9.373 24.569-9.373 33.941 0L285.475 239.03c9.373 9.372 9.373 24.568.001 33.941z\"\/><\/svg>\n      <\/span>\n      <span class='bde-icon-list__text' >\n      Multilingual documentation and detailed maintenance lists\n      <\/span>\n              <\/div>\n      \n    <\/li>\n\n  <\/ul>\n\n<\/div>\n<\/div><\/div>\n<\/div><\/div>\n<\/section><section id=\"o\" class=\"bde-section-433-130 bde-section\">\n  \n  \n\t\n\n\n\n<div class=\"section-container\"><div class=\"bde-div-433-148 bde-div\">\n  \n  \n\t\n\n\n\n<div class=\"bde-columns-433-131 bde-columns\"><div class=\"bde-column-433-132 bde-column\">\n  \n  \n\t\n\n\n\n<div class=\"bde-icon-433-133 bde-icon\">\n\n    \n            <div class=\"bde-icon-icon breakdance-icon-atom\" >\n    \n                    <svg xmlns=\"http:\/\/www.w3.org\/2000\/svg\" id=\"icon-loop2\" viewbox=\"0 0 32 32\">\n<path d=\"M27.802 5.197c-2.925-3.194-7.13-5.197-11.803-5.197-8.837 0-16 7.163-16 16h3c0-7.18 5.82-13 13-13 3.844 0 7.298 1.669 9.678 4.322l-4.678 4.678h11v-11l-4.198 4.197z\"\/>\n<path d=\"M29 16c0 7.18-5.82 13-13 13-3.844 0-7.298-1.669-9.678-4.322l4.678-4.678h-11v11l4.197-4.197c2.925 3.194 7.13 5.197 11.803 5.197 8.837 0 16-7.163 16-16h-3z\"\/>\n<\/svg>\n        \n        \n        \n            <\/div>\n    \n\n\n<\/div>\n<\/div><div class=\"bde-column-433-134 bde-column\">\n  \n  \n\t\n\n\n\n<div class=\"bde-icon-list-433-135 bde-icon-list\">\n<ul>\n  \n              \n    <li>\n              <div class='bde-icon-list__item-wrapper'>\n      \n      <span class='bde-icon-list__icon'>\n        <svg xmlns=\"http:\/\/www.w3.org\/2000\/svg\" viewbox=\"0 0 320 512\"><!-- Font Awesome Free 5.15.1 by @fontawesome - https:\/\/fontawesome.com License - https:\/\/fontawesome.com\/license\/free (Icons: CC BY 4.0, Fonts: SIL OFL 1.1, Code: MIT License) --><path d=\"M285.476 272.971L91.132 467.314c-9.373 9.373-24.569 9.373-33.941 0l-22.667-22.667c-9.357-9.357-9.375-24.522-.04-33.901L188.505 256 34.484 101.255c-9.335-9.379-9.317-24.544.04-33.901l22.667-22.667c9.373-9.373 24.569-9.373 33.941 0L285.475 239.03c9.373 9.372 9.373 24.568.001 33.941z\"\/><\/svg>\n      <\/span>\n      <span class='bde-icon-list__text' >\n      Professional support by phone, e-mail or on site\n      <\/span>\n              <\/div>\n      \n    <\/li>\n\n  \n              \n    <li>\n              <div class='bde-icon-list__item-wrapper'>\n      \n      <span class='bde-icon-list__icon'>\n        <svg xmlns=\"http:\/\/www.w3.org\/2000\/svg\" viewbox=\"0 0 320 512\"><!-- Font Awesome Free 5.15.1 by @fontawesome - https:\/\/fontawesome.com License - https:\/\/fontawesome.com\/license\/free (Icons: CC BY 4.0, Fonts: SIL OFL 1.1, Code: MIT License) --><path d=\"M285.476 272.971L91.132 467.314c-9.373 9.373-24.569 9.373-33.941 0l-22.667-22.667c-9.357-9.357-9.375-24.522-.04-33.901L188.505 256 34.484 101.255c-9.335-9.379-9.317-24.544.04-33.901l22.667-22.667c9.373-9.373 24.569-9.373 33.941 0L285.475 239.03c9.373 9.372 9.373 24.568.001 33.941z\"\/><\/svg>\n      <\/span>\n      <span class='bde-icon-list__text' >\n      Service, revision, optimizations and replacement tools (also from other manufacturers)\n      <\/span>\n              <\/div>\n      \n    <\/li>\n\n  \n              \n    <li>\n              <div class='bde-icon-list__item-wrapper'>\n      \n      <span class='bde-icon-list__icon'>\n        <svg xmlns=\"http:\/\/www.w3.org\/2000\/svg\" viewbox=\"0 0 320 512\"><!-- Font Awesome Free 5.15.1 by @fontawesome - https:\/\/fontawesome.com License - https:\/\/fontawesome.com\/license\/free (Icons: CC BY 4.0, Fonts: SIL OFL 1.1, Code: MIT License) --><path d=\"M285.476 272.971L91.132 467.314c-9.373 9.373-24.569 9.373-33.941 0l-22.667-22.667c-9.357-9.357-9.375-24.522-.04-33.901L188.505 256 34.484 101.255c-9.335-9.379-9.317-24.544.04-33.901l22.667-22.667c9.373-9.373 24.569-9.373 33.941 0L285.475 239.03c9.373 9.372 9.373 24.568.001 33.941z\"\/><\/svg>\n      <\/span>\n      <span class='bde-icon-list__text' >\n      Documented history of each tool\n      <\/span>\n              <\/div>\n      \n    <\/li>\n\n  <\/ul>\n\n<\/div>\n<\/div><\/div>\n<\/div><\/div>\n<\/section><section class=\"bde-section-433-137 bde-section\">\n  \n  \n\t\n\n\n\n<div class=\"section-container\"><h2 class=\"bde-heading-433-138 bde-heading\">\nOur team\n<\/h2><div class=\"bde-rich-text-433-139 bde-rich-text breakdance-rich-text-styles\">\n<p>Field sales force comprising six internationally experienced, multilingual experts based at our site in M\u00f6hlin, Switzerland<\/p>\n<\/div><h2 class=\"bde-heading-433-149 bde-heading\">\nOur partners\n<\/h2><div class=\"bde-rich-text-433-150 bde-rich-text breakdance-rich-text-styles\">\n<p>Commissioning, service, overhauls and optimisations of Rohrer and third-party tools by our trained exclusive partners:<\/p>\n<\/div><div class=\"bde-columns-433-142 bde-columns\"><div class=\"bde-column-433-143 bde-column\">\n  \n  \n\t\n\n\n\n<div class=\"bde-rich-text-433-140 bde-rich-text breakdance-rich-text-styles\">\n<p><strong>USA<\/strong><\/p><p>Tiden Tool Inc.<br>12033 S. 70th. Ave<br>60463 Palos Heights<br>USA<br>Phone: +1 (708) 361 - 3900 <br><a href=\"mailto:mike@tidentool.com\">mike@tidentool.com<\/a><\/p>\n<\/div>\n<\/div><div class=\"bde-column-433-144 bde-column\">\n  \n  \n\t\n\n\n\n<div class=\"bde-rich-text-433-145 bde-rich-text breakdance-rich-text-styles\">\n<p><strong>CIS, Ukraine, Georgia<\/strong><\/p><p>LLC Rohrer<br>Office center \"West Plaza<br>26, Ryabinovaya Str., bld. 2, office 608 <br>121471 Moscow<br>Phone: +7 499 650 75 53 <br><a href=\"mailto:s.fradkin@rohrer-rt.com\">s.fradkin@rohrer-rt.com<\/a><\/p>\n<\/div>\n<\/div><\/div><\/div>\n<\/section>","protected":false},"excerpt":{"rendered":"<p>Service &#038; Support Werkzeugsysteme von Rohrer Tools zeichnen sich durch Robustheit, langlebige Komponenten und Wartungsfreundlichkeit aus: das bedeutet lange Laufzeiten bei moderaten und planbaren Betriebskosten. Reparaturen, Servicearbeiten und Revisionen &#8211; auch bei Werkzeugen anderer Produzenten &#8211; werden z\u00fcgig und professionell durch unsere Experten durchgef\u00fchrt &#8211; im Fall der F\u00e4lle auch vor Ort. unser Lifecycle Management [&hellip;]<\/p>\n","protected":false},"author":1,"featured_media":0,"parent":0,"menu_order":0,"comment_status":"closed","ping_status":"closed","template":"","meta":{"_seopress_robots_primary_cat":"","_seopress_titles_title":"Service &amp; Support - Rohrer Tools AG","_seopress_titles_desc":"Schon bei der Konzeptionierung unserer Werkzeugl\u00f6sungen nehmen Langlebigkeit, Wartungsfreundlichkeit und Verf\u00fcgbarkeit einen zentralen Stellenwert ein.","_seopress_robots_index":"","iawp_total_views":627,"_breakdance_hide_in_design_set":false,"_breakdance_tags":"","footnotes":""},"class_list":["post-433","page","type-page","status-publish","hentry"],"_links":{"self":[{"href":"https:\/\/www.rohrer-tools.com\/en\/wp-json\/wp\/v2\/pages\/433","targetHints":{"allow":["GET"]}}],"collection":[{"href":"https:\/\/www.rohrer-tools.com\/en\/wp-json\/wp\/v2\/pages"}],"about":[{"href":"https:\/\/www.rohrer-tools.com\/en\/wp-json\/wp\/v2\/types\/page"}],"author":[{"embeddable":true,"href":"https:\/\/www.rohrer-tools.com\/en\/wp-json\/wp\/v2\/users\/1"}],"replies":[{"embeddable":true,"href":"https:\/\/www.rohrer-tools.com\/en\/wp-json\/wp\/v2\/comments?post=433"}],"version-history":[{"count":61,"href":"https:\/\/www.rohrer-tools.com\/en\/wp-json\/wp\/v2\/pages\/433\/revisions"}],"predecessor-version":[{"id":1464,"href":"https:\/\/www.rohrer-tools.com\/en\/wp-json\/wp\/v2\/pages\/433\/revisions\/1464"}],"wp:attachment":[{"href":"https:\/\/www.rohrer-tools.com\/en\/wp-json\/wp\/v2\/media?parent=433"}],"curies":[{"name":"wp","href":"https:\/\/api.w.org\/{rel}","templated":true}]}}